{"id":30,"date":"2021-12-20T07:32:14","date_gmt":"2021-12-20T07:32:14","guid":{"rendered":"https:\/\/mimarifotograf.com\/?page_id=30"},"modified":"2022-01-03T13:04:34","modified_gmt":"2022-01-03T13:04:34","slug":"akademik","status":"publish","type":"page","link":"https:\/\/mimarifotograf.com\/?page_id=30","title":{"rendered":"Akademik"},"content":{"rendered":"\n<div class=\"wp-block-file\"><a href=\"https:\/\/mimarifotograf.com\/wp-content\/uploads\/2022\/01\/AkademikOzgecmis.pdf\">Akademik \u00d6zge\u00e7mi\u015f<\/a><a href=\"https:\/\/mimarifotograf.com\/wp-content\/uploads\/2022\/01\/AkademikOzgecmis.pdf\" class=\"wp-block-file__button\" download>\u0130ndir<\/a><\/div>\n","protected":false},"excerpt":{"rendered":"","protected":false},"author":1,"featured_media":0,"parent":0,"menu_order":0,"comment_status":"closed","ping_status":"closed","template":"","meta":{"_uag_custom_page_level_css":"","footnotes":""},"class_list":["post-30","page","type-page","status-publish","hentry"],"uagb_featured_image_src":{"full":false,"thumbnail":false,"medium":false,"medium_large":false,"large":false,"1536x1536":false,"2048x2048":false,"post-thumbnail":false},"uagb_author_info":{"display_name":"admin","author_link":"https:\/\/mimarifotograf.com\/?author=1"},"uagb_comment_info":0,"uagb_excerpt":null,"_links":{"self":[{"href":"https:\/\/mimarifotograf.com\/index.php?rest_route=\/wp\/v2\/pages\/30","targetHints":{"allow":["GET"]}}],"collection":[{"href":"https:\/\/mimarifotograf.com\/index.php?rest_route=\/wp\/v2\/pages"}],"about":[{"href":"https:\/\/mimarifotograf.com\/index.php?rest_route=\/wp\/v2\/types\/page"}],"author":[{"embeddable":true,"href":"https:\/\/mimarifotograf.com\/index.php?rest_route=\/wp\/v2\/users\/1"}],"replies":[{"embeddable":true,"href":"https:\/\/mimarifotograf.com\/index.php?rest_route=%2Fwp%2Fv2%2Fcomments&post=30"}],"version-history":[{"count":4,"href":"https:\/\/mimarifotograf.com\/index.php?rest_route=\/wp\/v2\/pages\/30\/revisions"}],"predecessor-version":[{"id":70,"href":"https:\/\/mimarifotograf.com\/index.php?rest_route=\/wp\/v2\/pages\/30\/revisions\/70"}],"wp:attachment":[{"href":"https:\/\/mimarifotograf.com\/index.php?rest_route=%2Fwp%2Fv2%2Fmedia&parent=30"}],"curies":[{"name":"wp","href":"https:\/\/api.w.org\/{rel}","templated":true}]}}