{"id":127,"date":"2022-01-03T13:37:50","date_gmt":"2022-01-03T13:37:50","guid":{"rendered":"https:\/\/mimarifotograf.com\/?page_id=127"},"modified":"2022-01-17T12:09:47","modified_gmt":"2022-01-17T12:09:47","slug":"atolyeler","status":"publish","type":"page","link":"https:\/\/mimarifotograf.com\/?page_id=127","title":{"rendered":"At\u00f6lyeler"},"content":{"rendered":"\n<p class=\"has-text-color has-huge-font-size\" style=\"color:#93ea21\"><strong>Mimari Foto\u011fraf<\/strong><\/p>\n\n\n\n<p class=\"has-text-color\" style=\"color:#93ea21\"><strong>1 Hafta<\/strong>&nbsp;(2 Saat)<\/p>\n\n\n\n<p class=\"has-text-color\" style=\"color:#93ea21\"><strong>Mimari Foto\u011fraf\u0131n Ama\u00e7lar\u0131 Nelerdir?<\/strong><\/p>\n\n\n\n<ul class=\"has-text-color wp-block-list\" style=\"color:#93ea21\"><li>Mimari \u00c7ekimler Neden Belli Bir Ama\u00e7 \u0130\u00e7in Yap\u0131l\u0131r?<\/li><li>Yap\u0131n\u0131n Kendisini Anlatmak \u0130\u00e7in \u00c7ekimler Nas\u0131l Yap\u0131l\u0131r?<\/li><li>Yap\u0131n\u0131n \u00c7evresi \u0130le Olan \u0130li\u015fkisini Anlatmak \u0130\u00e7in \u00c7ekimler Nas\u0131l Yap\u0131l\u0131r?<\/li><li>Yap\u0131n\u0131n A\u015famalar\u0131n\u0131 Belgelemek \u0130\u00e7in \u00c7ekimler Nas\u0131l Yap\u0131l\u0131r?<\/li><li>Proje \u00d6ncesinde Veri Toplamak ve R\u00f6l\u00f6ve \u0130\u00e7in \u00c7ekimler Nas\u0131l Yap\u0131l\u0131r?<\/li><li>\u015eehircili\u011fi Belgelemek \u0130\u00e7in \u00c7ekimler Nas\u0131l Yap\u0131l\u0131r?<\/li><li>Arkeolojik Yap\u0131lar\u0131 ve Kaz\u0131lar\u0131 Belgelemek \u0130\u00e7in \u00c7ekimler Nas\u0131l Yap\u0131l\u0131r?<\/li><li>Do\u011fal Afetlerden Sonra \u015eehri Belgelemek \u0130\u00e7in \u00c7ekimler<\/li><li>Nas\u0131l Yap\u0131l\u0131r? Tan\u0131t\u0131m Amac\u0131yla ve Yap\u0131mc\u0131 Firma \u0130\u00e7in \u00c7ekimler Nas\u0131l Yap\u0131l\u0131r?<\/li><li>Yap\u0131n\u0131n \u0130\u015flevini Anlatmak \u0130\u00e7in \u00c7ekimler Nas\u0131l Yap\u0131l\u0131r?<\/li><li>Resmi Evrakta Kullanmak \u0130\u00e7in \u00c7ekimler Nas\u0131l Yap\u0131l\u0131r?<\/li><\/ul>\n\n\n\n<p class=\"has-text-color\" style=\"color:#93ea21\"><strong>Mimari Foto\u011fraflar \u00c7ekimlerinde Y\u00f6ntem Nas\u0131l Belirlenir?<\/strong><\/p>\n\n\n\n<ul class=\"has-text-color wp-block-list\" style=\"color:#93ea21\"><li>Yap\u0131y\u0131 Foto\u011fraflarken Hangi Y\u00f6ntemler Kullan\u0131l\u0131r?<\/li><li>Yorumlu Y\u00f6ntem Mimari Foto\u011fraf Nas\u0131l \u00c7ekilir?<\/li><li>Yorumsuz Y\u00f6ntem Mimari Foto\u011fraf Nas\u0131l \u00c7ekilir?<\/li><li>\u0130yi Bir Mimari Foto\u011fraf Hangi \u00d6zelliklere Sahip Olmal\u0131d\u0131r?<\/li><\/ul>\n\n\n\n<p class=\"has-text-color\" style=\"color:#93ea21\"><strong>Kullan\u0131lan Foto\u011fraf Makineleri Ka\u00e7 \u00c7e\u015fittir ve Nas\u0131l \u00c7al\u0131\u015f\u0131rlar?<\/strong><\/p>\n\n\n\n<ul class=\"has-text-color wp-block-list\" style=\"color:#93ea21\"><li>Mimari \u00c7ekimlerde Kullan\u0131lacak Foto\u011fraf Makinesi Nas\u0131l Belirlenir?<\/li><li>Dijital Kompakt Foto\u011fraf Makineleri Nas\u0131l \u00c7al\u0131\u015f\u0131rlar?<\/li><li>DSLR Foto\u011fraf Makineleri Nas\u0131l \u00c7al\u0131\u015f\u0131rlar?<\/li><li>Orta Format Dijital Foto\u011fraf Makineleri Nas\u0131l \u00c7al\u0131\u015f\u0131rlar?<\/li><li>Teknik Kameralar Ka\u00e7 \u00c7e\u015fittir?<\/li><li>Monorail Teknik Kameralar Nas\u0131l \u00c7al\u0131\u015f\u0131rlar?<\/li><li>D\u00fczlem Yatakl\u0131 Teknik Kameralar Nas\u0131l \u00c7al\u0131\u015f\u0131rlar?<\/li><li>Teknik Kameralar\u0131n Aksesuarlar\u0131&nbsp;Nelerdir?<\/li><li>Panoramik Foto\u011fraf Makineleri Ka\u00e7 \u00c7e\u015fittir?<\/li><li>Panoramik Foto\u011fraf Makineleri Nas\u0131l \u00c7al\u0131\u015f\u0131rlar?<\/li><\/ul>\n\n\n\n<p class=\"has-text-color\" style=\"color:#93ea21\"><strong>2 Hafta<\/strong>&nbsp;(2 Saat)<\/p>\n\n\n\n<p class=\"has-text-color\" style=\"color:#93ea21\"><strong>Sabit G\u00f6vdeli Foto\u011fraf Makineleri ile Perspektif Nas\u0131l Kontrol Edilir?<\/strong><\/p>\n\n\n\n<ul class=\"has-text-color wp-block-list\" style=\"color:#93ea21\"><li>Perspektif Neden Kontrol Edilmek Zorundad\u0131r?<\/li><li>PC\/TS Objektif&nbsp;Kullanarak Perspektif Nas\u0131l Kontrol Edilir?<\/li><li>Yap\u0131n\u0131n Ortas\u0131na Y\u00fckselerek Perspektif Nas\u0131l Kontrol Edilir?<\/li><li>Geni\u015f A\u00e7\u0131 Objektif \u0130le Perspektif Nas\u0131l Kontrol Edilir?<\/li><li>Yap\u0131dan Uzakla\u015farak Perspektif Nas\u0131l Kontrol Edilir?<\/li><\/ul>\n\n\n\n<p class=\"has-text-color\" style=\"color:#93ea21\"><strong>Mimari Foto\u011fraf \u00c7ekimlerinde PC\/TS Objektif&nbsp;Nas\u0131l K\u0131llan\u0131l\u0131r?<\/strong><\/p>\n\n\n\n<ul class=\"has-text-color wp-block-list\" style=\"color:#93ea21\"><li>PC\/TS Objektiflerin \u00d6zellikleri Nelerdir?<\/li><li>PC\/TS Objektif Kullan\u0131rken Pozland\u0131rma Nas\u0131l Yap\u0131l\u0131r?<\/li><li>PC\/TS Objektiflerin Kullan\u0131m\u0131nda Dikkat Edilmesi Gereken Konular Nelerdir?<\/li><\/ul>\n\n\n\n<p class=\"has-text-color\" style=\"color:#93ea21\"><strong>Objektif Odak Uzakl\u0131klar\u0131n\u0131n \u00c7ekimlerdeki \u00d6nemi Nelerdir?<\/strong><\/p>\n\n\n\n<ul class=\"has-text-color wp-block-list\" style=\"color:#93ea21\"><li>Odak Uzakl\u0131klar\u0131 Kullan\u0131lan Formata G\u00f6re Nas\u0131l De\u011fi\u015fir?<\/li><li>Objektiflerin Perspektife \u00dczerindeki Etkileri Nelerdir?<\/li><li>Geni\u015f A\u00e7\u0131 Objektiflerin Perspektif \u00dczerindeki Etkileri Nelerdir?<\/li><li>Tele Objektiflerin Perspektif \u00dczerindeki Etkileri Nelerdir<\/li><li>Hangi Objektifi Almal\u0131y\u0131m?<\/li><li>2.El teknik Kamera Objektif Al\u0131rken Nelere Dikkat Edilir?<\/li><li>DSLR \u0130\u00e7in Objektif Al\u0131rken Nelere Dikkat Etmek Gerekir?<\/li><\/ul>\n\n\n\n<p class=\"has-text-color\" style=\"color:#93ea21\"><strong>\u0130ki Boyutlu Anlat\u0131mda \u00dc\u00e7\u00fcnc\u00fc Boyut \u0130zlenimi Nas\u0131l Elde Edilir?<\/strong><\/p>\n\n\n\n<ul class=\"has-text-color wp-block-list\" style=\"color:#93ea21\"><li>Perspektif Nedir?<\/li><li>D\u00fczlemsel Perspektif Nedir?<\/li><li>Tek Ka\u00e7\u0131\u015fl\u0131 Perspektif Nedir?<\/li><li>\u0130ki Ka\u00e7\u0131\u015fl\u0131 Perspektif Nedir?<\/li><li>\u00dc\u00e7 Ka\u00e7\u0131\u015fl\u0131 Perspektif Nedir?<\/li><li>Silindirik Perspektif Nedir?<\/li><li>K\u00fcresel (Bal\u0131kg\u00f6z\u00fc) Perspektif Nedir?<\/li><\/ul>\n\n\n\n<p class=\"has-text-color\" style=\"color:#93ea21\"><strong>3 Hafta<\/strong>&nbsp;(2 Saat)<\/p>\n\n\n\n<p class=\"has-text-color\" style=\"color:#93ea21\"><strong>Do\u011fal I\u015f\u0131k Kaynaklar\u0131 Nas\u0131l Kontrol Edilir ve Kullan\u0131l\u0131r?<\/strong><\/p>\n\n\n\n<ul class=\"has-text-color wp-block-list\" style=\"color:#93ea21\"><li>Do\u011fal I\u015f\u0131k Nedir?<\/li><li>Do\u011fal I\u015f\u0131k Kaynaklar\u0131ndan Nas\u0131l Yararlan\u0131l\u0131r?<\/li><li>Do\u011fal I\u015f\u0131k Konuyu Ortaya Nas\u0131l \u00c7\u0131kar\u0131r?<\/li><li>Do\u011fal I\u015f\u0131k Foto\u011frafa Boyut Nas\u0131l Kazand\u0131r\u0131r?<\/li><li>Do\u011fal I\u015f\u0131k G\u00f6lge Ve Ayd\u0131nl\u0131k B\u00f6lgeleri Nas\u0131l Olu\u015fturur?<\/li><li>Do\u011fal I\u015f\u0131k Rengi Nas\u0131l Ortaya \u00c7\u0131kar\u0131r?<\/li><li>G\u00fcne\u015fin Hareketleri ve A\u00e7\u0131s\u0131n\u0131n Kontrol\u00fc Nas\u0131l Yap\u0131l\u0131r?<\/li><li>D\u0131\u015f Mek\u00e2n \u00c7ekimleri \u0130\u00e7in Zaman Tespiti Nas\u0131l Yap\u0131l\u0131r?<\/li><li>\u0130\u00e7 Mek\u00e2n \u00c7ekimlerinde Do\u011fal I\u015f\u0131k Dolgu I\u015f\u0131\u011f\u0131 Olarak Nas\u0131l Kullan\u0131l\u0131r?<\/li><\/ul>\n\n\n\n<p class=\"has-text-color\" style=\"color:#93ea21\"><strong>\u00c7ekimlerde Kar\u015f\u0131la\u015f\u0131lan Problemler Nelerdir ve Nas\u0131l \u00c7\u00f6z\u00fcl\u00fcr?<\/strong><\/p>\n\n\n\n<ul class=\"has-text-color wp-block-list\" style=\"color:#93ea21\"><li>Mimari \u00c7ekimlerdeki Problemler Nelerdir?<\/li><li>Bulutlu Havalarda Mimari \u00c7ekimler Nas\u0131l Yap\u0131l\u0131r?<\/li><li>Kuzeye Bakan Yap\u0131lar\u0131n \u00c7ekimleri Nas\u0131l Yap\u0131l\u0131r?<\/li><li>Y\u00fcksek Yap\u0131lar\u0131n \u00c7ekimleri Nas\u0131l Yap\u0131l\u0131r?<\/li><li>Uzun ve Al\u00e7ak Yap\u0131lar\u0131n \u00c7ekimleri Nas\u0131l Yap\u0131l\u0131r?<\/li><li>Kalabal\u0131k ve Hareketli Merkezlerde Mimari \u00c7ekimler Nas\u0131l Yap\u0131l\u0131r?<\/li><li>R\u00fczg\u00e2rl\u0131; Karl\u0131 ve Ya\u011fmurlu Havalarda Mimari \u00c7ekimler Nas\u0131l Yap\u0131l\u0131r?<\/li><li>Dar Alanlarda Mimari \u00c7ekimler Nas\u0131l Yap\u0131l\u0131r?<\/li><\/ul>\n\n\n\n<p class=\"has-text-color\" style=\"color:#93ea21\"><strong>4 Hafta<\/strong>&nbsp;(2 Saat)<\/p>\n\n\n\n<p class=\"has-text-color\" style=\"color:#93ea21\"><strong>D\u0131\u015f Mekanda Mimari Foto\u011fraf \u00c7ekimleri Nas\u0131l Yap\u0131l\u0131r?<\/strong><\/p>\n\n\n\n<ul class=\"has-text-color wp-block-list\" style=\"color:#93ea21\"><li>D\u0131\u015f Mek\u00e2n Mimari \u00c7ekimlerin Kapsam\u0131 Nedir?<\/li><li>D\u0131\u015f Mek\u00e2n \u00c7ekimlerinde Bak\u0131\u015f Y\u00fcksekli\u011finin \u00d6nemi Nedir?<\/li><li>Boyutlar\u0131n Kontrol\u00fc Nas\u0131l Yap\u0131l\u0131r?<\/li><li>D\u0131\u015f Mek\u00e2n \u00c7ekimlerinin I\u015f\u0131k kaynaklar\u0131 Nas\u0131l Kontrol Edilir?<\/li><\/ul>\n\n\n\n<p class=\"has-text-color\" style=\"color:#93ea21\"><strong>\u0130\u00e7 Mekanda Mimari Foto\u011fraf \u00c7ekimleri Nas\u0131l Yap\u0131l\u0131r?<\/strong><\/p>\n\n\n\n<ul class=\"has-text-color wp-block-list\" style=\"color:#93ea21\"><li>I\u015f\u0131kland\u0131rma Y\u00f6ntemleri Nelerdir?<\/li><li>Foto\u011fraf Makinesinin Konumu Nas\u0131l Olmal\u0131d\u0131r?<\/li><li>D\u00fc\u015f\u00fck I\u015f\u0131k \u015eartlar\u0131nda Nas\u0131l Hareket Edilir?<\/li><li>\u0130\u00e7 Mek\u00e2n D\u0131\u015f Mek\u00e2n I\u015f\u0131\u011f\u0131 Nas\u0131l E\u015fitlenir?<\/li><li>Alan Derinli\u011fi Nas\u0131l Sa\u011flan\u0131r?<\/li><li>D\u00fc\u015feyler Nas\u0131l Kontrol Edilir?<\/li><li>Beyaz Ayar\u0131 Nas\u0131l Yap\u0131l\u0131r?<\/li><li>\u0130\u00e7 Mek\u00e2nda Kontrast Farkl\u0131l\u0131klar\u0131 Nas\u0131l Giderilir?<\/li><li>\u00c7ekimden \u00d6nce Dikkat Edilmesi Gerekenler Nelerdir?<\/li><\/ul>\n\n\n\n<p class=\"has-text-color\" style=\"color:#93ea21\"><strong>Bilgisayarda Perspektif D\u00fczeltmeler Nas\u0131l Yap\u0131l\u0131r?<\/strong><\/p>\n\n\n\n<ul class=\"has-text-color wp-block-list\" style=\"color:#93ea21\"><li>Hangi Foto\u011fraflar Bilgisayarda D\u00fczeltilmek Zorundad\u0131r?<\/li><li>Foto\u011fraflar Bilgisayarda Hangi Programda Nas\u0131l D\u00fczeltilir?<\/li><\/ul>\n\n\n\n<p><\/p>\n","protected":false},"excerpt":{"rendered":"<p>Mimari Foto\u011fraf 1 Hafta&nbsp;(2 Saat) Mimari Foto\u011fraf\u0131n Ama\u00e7lar\u0131 Nelerdir? Mimari \u00c7ekimler Neden Belli Bir Ama\u00e7 \u0130\u00e7in Yap\u0131l\u0131r? Yap\u0131n\u0131n Kendisini Anlatmak \u0130\u00e7in \u00c7ekimler Nas\u0131l Yap\u0131l\u0131r? Yap\u0131n\u0131n \u00c7evresi \u0130le Olan \u0130li\u015fkisini Anlatmak \u0130\u00e7in \u00c7ekimler Nas\u0131l Yap\u0131l\u0131r? Yap\u0131n\u0131n A\u015famalar\u0131n\u0131 Belgelemek \u0130\u00e7in \u00c7ekimler Nas\u0131l Yap\u0131l\u0131r? Proje \u00d6ncesinde Veri Toplamak ve R\u00f6l\u00f6ve \u0130\u00e7in \u00c7ekimler Nas\u0131l Yap\u0131l\u0131r? \u015eehircili\u011fi Belgelemek \u0130\u00e7in \u00c7ekimler &hellip; <a href=\"https:\/\/mimarifotograf.com\/?page_id=127\" class=\"more-link\">Okumaya devam et<span class=\"screen-reader-text\"> &#8220;At\u00f6lyeler&#8221;<\/span><\/a><\/p>\n","protected":false},"author":1,"featured_media":0,"parent":0,"menu_order":0,"comment_status":"closed","ping_status":"closed","template":"","meta":{"_uag_custom_page_level_css":"","footnotes":""},"class_list":["post-127","page","type-page","status-publish","hentry"],"uagb_featured_image_src":{"full":false,"thumbnail":false,"medium":false,"medium_large":false,"large":false,"1536x1536":false,"2048x2048":false,"post-thumbnail":false},"uagb_author_info":{"display_name":"admin","author_link":"https:\/\/mimarifotograf.com\/?author=1"},"uagb_comment_info":0,"uagb_excerpt":"Mimari Foto\u011fraf 1 Hafta&nbsp;(2 Saat) Mimari Foto\u011fraf\u0131n Ama\u00e7lar\u0131 Nelerdir? Mimari \u00c7ekimler Neden Belli Bir Ama\u00e7 \u0130\u00e7in Yap\u0131l\u0131r? Yap\u0131n\u0131n Kendisini Anlatmak \u0130\u00e7in \u00c7ekimler Nas\u0131l Yap\u0131l\u0131r? Yap\u0131n\u0131n \u00c7evresi \u0130le Olan \u0130li\u015fkisini Anlatmak \u0130\u00e7in \u00c7ekimler Nas\u0131l Yap\u0131l\u0131r? Yap\u0131n\u0131n A\u015famalar\u0131n\u0131 Belgelemek \u0130\u00e7in \u00c7ekimler Nas\u0131l Yap\u0131l\u0131r? Proje \u00d6ncesinde Veri Toplamak ve R\u00f6l\u00f6ve \u0130\u00e7in \u00c7ekimler Nas\u0131l Yap\u0131l\u0131r? \u015eehircili\u011fi Belgelemek \u0130\u00e7in \u00c7ekimler&hellip;","_links":{"self":[{"href":"https:\/\/mimarifotograf.com\/index.php?rest_route=\/wp\/v2\/pages\/127","targetHints":{"allow":["GET"]}}],"collection":[{"href":"https:\/\/mimarifotograf.com\/index.php?rest_route=\/wp\/v2\/pages"}],"about":[{"href":"https:\/\/mimarifotograf.com\/index.php?rest_route=\/wp\/v2\/types\/page"}],"author":[{"embeddable":true,"href":"https:\/\/mimarifotograf.com\/index.php?rest_route=\/wp\/v2\/users\/1"}],"replies":[{"embeddable":true,"href":"https:\/\/mimarifotograf.com\/index.php?rest_route=%2Fwp%2Fv2%2Fcomments&post=127"}],"version-history":[{"count":6,"href":"https:\/\/mimarifotograf.com\/index.php?rest_route=\/wp\/v2\/pages\/127\/revisions"}],"predecessor-version":[{"id":692,"href":"https:\/\/mimarifotograf.com\/index.php?rest_route=\/wp\/v2\/pages\/127\/revisions\/692"}],"wp:attachment":[{"href":"https:\/\/mimarifotograf.com\/index.php?rest_route=%2Fwp%2Fv2%2Fmedia&parent=127"}],"curies":[{"name":"wp","href":"https:\/\/api.w.org\/{rel}","templated":true}]}}