{"id":11,"date":"2021-12-20T07:23:36","date_gmt":"2021-12-20T07:23:36","guid":{"rendered":"https:\/\/mimarifotograf.com\/?page_id=11"},"modified":"2025-01-22T11:07:55","modified_gmt":"2025-01-22T08:07:55","slug":"biyografi","status":"publish","type":"page","link":"https:\/\/mimarifotograf.com\/?page_id=11","title":{"rendered":"Biyografi"},"content":{"rendered":"\n<div class=\"wp-block-group alignwide has-black-color has-text-color\"><div class=\"wp-block-group__inner-container is-layout-flow wp-block-group-is-layout-flow\">\n<p class=\"has-text-color has-medium-font-size\" style=\"color:#93ea21\"><strong>Prof. Dr. \u00d6zer KANBURO\u011eLU<\/strong> <em>(EFIAP-QPSA)<\/em><\/p>\n\n\n<div class=\"wp-block-image is-style-default\">\n<figure class=\"alignleft size-full is-resized\"><img loading=\"lazy\" decoding=\"async\" width=\"1024\" height=\"741\" src=\"https:\/\/mimarifotograf.com\/wp-content\/uploads\/2021\/12\/PP.jpg\" alt=\"\" class=\"wp-image-12\" style=\"width:598px;height:433px\" srcset=\"https:\/\/mimarifotograf.com\/wp-content\/uploads\/2021\/12\/PP.jpg 1024w, https:\/\/mimarifotograf.com\/wp-content\/uploads\/2021\/12\/PP-300x217.jpg 300w, https:\/\/mimarifotograf.com\/wp-content\/uploads\/2021\/12\/PP-768x556.jpg 768w\" sizes=\"auto, (max-width: 709px) 85vw, (max-width: 909px) 67vw, (max-width: 1362px) 62vw, 840px\" \/><\/figure>\n<\/div>\n\n\n<p class=\"has-text-align-left has-text-color\" style=\"color:#93ea21;font-size:15px\">1964 y\u0131l\u0131nda \u0130stanbul\u2019da do\u011fdu. Ula\u015ft\u0131rma Bakanl\u0131\u011f\u0131, Gemi Yap\u0131 Teknik ve Meslek Lisesi\u2019nin \u201cGemi Makinalar\u0131\u201d b\u00f6l\u00fcm\u00fcn\u00fc bitirerek 15 y\u0131l tersanelerde i\u015f\u00e7i (d\u00f6k\u00fcm, elektrik ve tahliye at\u00f6lyeleri) olarak \u00e7al\u0131\u015ft\u0131. Foto\u011frafa da bu d\u00f6nemde merak sararak ilk e\u011fitimini 1988 y\u0131l\u0131nda Kad\u0131k\u00f6y Halk E\u011fitim Merkezi\u2019nde Emk. Albay Hasip URAS\u2019tan ald\u0131. Ard\u0131ndan \u00e7al\u0131\u015fmalar\u0131n\u0131 1989 y\u0131l\u0131ndan itibaren \u0130FSAK\u2019ta s\u00fcrd\u00fcrd\u00fc. 1994 y\u0131l\u0131nda Mimar Sinan \u00dcniversitesi G\u00fczel Sanatlar Fak\u00fcltesi, Sahne ve G\u00f6r\u00fcnt\u00fc Sanatlar\u0131 B\u00f6l\u00fcm\u00fc, Foto\u011fraf Ana Sanat Dal\u0131\u2019nda lisans e\u011fitimini; 1998 y\u0131l\u0131nda Marmara \u00dcniversitesi G\u00fczel Sanatlar Enstit\u00fcs\u00fc, Foto\u011fraf Ana Sanat Dal\u0131\u2019nda y\u00fcksek lisans e\u011fitimini; 2002 y\u0131l\u0131nda ise \u0130stanbul \u00dcniversitesi Sosyal Bilimler Enstit\u00fcs\u00fc, Gazetecilik Ana Bilim Dal\u0131\u2019nda doktora e\u011fitimini tamamlad\u0131. \u00c7e\u015fitli dergilerde yaz\u0131 i\u015fleri m\u00fcd\u00fcrl\u00fc\u011f\u00fc, yaz\u0131 i\u015fleri m\u00fcd\u00fcr yard\u0131mc\u0131l\u0131\u011f\u0131 ve edit\u00f6rl\u00fck yapt\u0131. \u201c\u0130zlenimler\u201d, \u201cDetaylar\u201d, \u201cSepet\u00e7iler\u201d, \u201cMimariler\u201d ve \u201c\u00d6yk\u00fcler\u201d adl\u0131 sergilerini \u00e7e\u015fitli etkinliklerde sergiledi. Ulusal ve uluslararas\u0131 yar\u0131\u015fmalarda 170\u2019a yak\u0131n \u00f6d\u00fcl kazand\u0131. 200\u2019\u00fc a\u015fk\u0131n makalesi \u00e7e\u015fitli dergilerde yay\u0131mland\u0131. Yurti\u00e7i ve yurtd\u0131\u015f\u0131nda bir\u00e7ok konferans verdi. 50\u2019ye yak\u0131n bildirisi ulusal ve uluslararas\u0131 sempozyumlara kabul edildi. Yurti\u00e7i ve yurtd\u0131\u015f\u0131nda 30\u2019un \u00fczerinde g\u00f6steri yapt\u0131. Foto\u011fraflar\u0131 40\u2019\u0131n \u00fczerinde \u00fclkede sergilendi. 8 belgesel filmin hem g\u00f6r\u00fcnt\u00fc y\u00f6netmeli\u011fini hem de y\u00f6netmenli\u011fini yapt\u0131. Uluslararas\u0131 yar\u0131\u015fmalardaki ba\u015far\u0131lar\u0131ndan dolay\u0131; FIAP (Uluslararas\u0131 Foto\u011fraf Sanat\u0131 Federasyonu) taraf\u0131ndan 2001\u2019de AFIAP (Artist of FIAP), 2023\u2019te EFIAP (Excellence of FIAP) ve PSA (Photographic Society of America) taraf\u0131ndan da QPSA unvanlar\u0131 ile onurland\u0131r\u0131ld\u0131. 2003\u2019te \u201cKaybolan Meslekler\u201d, 2004 \u201cDenemeler\u201d, 2007\u2019de \u201cAtat\u00fcrk Foto\u011fraflar\u0131n\u0131n \u00c7ekilmesi ve Ar\u015fivlenmesi\u201d, 2008\u2019de \u201cAtat\u00fcrk ve Kad\u0131n\u201d, 2010\u2019da \u201cFoto\u011frafla Ge\u00e7en Hayatlar\u201d ve 2023\u2019te \u201cAnadolu\u2019nun Yaln\u0131z Atlar\u0131; Y\u0131lk\u0131lar\u201d adl\u0131 ara\u015ft\u0131rma projelerini tamamlad\u0131. 2003\u2019te \u0130spanya Foto\u011fraf Konfederasyonu taraf\u0131ndan desteklenen \u201cPhotographers of The End of The Millennium\u201d adl\u0131 projede yer alarak \u201cMilenyum Foto\u011fraf\u00e7\u0131s\u0131\u201d se\u00e7ildi.\u00a0\u00a02002\u2019de yard\u0131mc\u0131 do\u00e7ent, 2004\u2019te do\u00e7ent, 2009\u2019da profes\u00f6r oldu. Marmara \u00dcniversitesi, Kocaeli \u00dcniversitesi ve \u0130stanbul Ayd\u0131n \u00dcniversitesi\u2019nde 30 y\u0131l \u00f6\u011fretim \u00fcyesi, b\u00f6l\u00fcm ba\u015fkan\u0131, dekan yard\u0131mc\u0131s\u0131, konservatuvar m\u00fcd\u00fcr\u00fc, enstit\u00fc m\u00fcd\u00fcr\u00fc ve dekan olarak g\u00f6rev yapt\u0131. Foto\u011fraf alan\u0131nda 22 kitap ve \u201cMimariler\u201d, \u201cSepet\u00e7iler\u201d ve \u201c\u00d6yk\u00fcler\u201d adl\u0131 sergilerinin alb\u00fcmlerini yay\u0131mlad\u0131. \u00c7e\u015fitli kitaplarda b\u00f6l\u00fcm yazarl\u0131\u011f\u0131 yapt\u0131. Kanburo\u011flu, Belgesel filmlerde y\u00f6netmenlik ve g\u00f6r\u00fcnt\u00fc y\u00f6netmenli\u011fi yapmaya devam etmekte ve halen \u0130stanbul Ayd\u0131n \u00dcniversitesi, G\u00fczel Sanatlar Fak\u00fcltesi, \u00c7izgi Film ve Animasyon B\u00f6l\u00fcm\u00fc\u2019nde akademik \u00e7al\u0131\u015fmalar\u0131na devam etmektedir.\u00a0<\/p>\n<\/div><\/div>\n\n\n\n<p><\/p>\n","protected":false},"excerpt":{"rendered":"<p>Prof. Dr. \u00d6zer KANBURO\u011eLU (EFIAP-QPSA) 1964 y\u0131l\u0131nda \u0130stanbul\u2019da do\u011fdu. Ula\u015ft\u0131rma Bakanl\u0131\u011f\u0131, Gemi Yap\u0131 Teknik ve Meslek Lisesi\u2019nin \u201cGemi Makinalar\u0131\u201d b\u00f6l\u00fcm\u00fcn\u00fc bitirerek 15 y\u0131l tersanelerde i\u015f\u00e7i (d\u00f6k\u00fcm, elektrik ve tahliye at\u00f6lyeleri) olarak \u00e7al\u0131\u015ft\u0131. Foto\u011frafa da bu d\u00f6nemde merak sararak ilk e\u011fitimini 1988 y\u0131l\u0131nda Kad\u0131k\u00f6y Halk E\u011fitim Merkezi\u2019nde Emk. Albay Hasip URAS\u2019tan ald\u0131. Ard\u0131ndan \u00e7al\u0131\u015fmalar\u0131n\u0131 1989 y\u0131l\u0131ndan &hellip; <a href=\"https:\/\/mimarifotograf.com\/?page_id=11\" class=\"more-link\">Okumaya devam et<span class=\"screen-reader-text\"> &#8220;Biyografi&#8221;<\/span><\/a><\/p>\n","protected":false},"author":1,"featured_media":0,"parent":0,"menu_order":0,"comment_status":"closed","ping_status":"closed","template":"","meta":{"_uag_custom_page_level_css":"","footnotes":""},"class_list":["post-11","page","type-page","status-publish","hentry"],"uagb_featured_image_src":{"full":false,"thumbnail":false,"medium":false,"medium_large":false,"large":false,"1536x1536":false,"2048x2048":false,"post-thumbnail":false},"uagb_author_info":{"display_name":"admin","author_link":"https:\/\/mimarifotograf.com\/?author=1"},"uagb_comment_info":0,"uagb_excerpt":"Prof. Dr. \u00d6zer KANBURO\u011eLU (EFIAP-QPSA) 1964 y\u0131l\u0131nda \u0130stanbul\u2019da do\u011fdu. Ula\u015ft\u0131rma Bakanl\u0131\u011f\u0131, Gemi Yap\u0131 Teknik ve Meslek Lisesi\u2019nin \u201cGemi Makinalar\u0131\u201d b\u00f6l\u00fcm\u00fcn\u00fc bitirerek 15 y\u0131l tersanelerde i\u015f\u00e7i (d\u00f6k\u00fcm, elektrik ve tahliye at\u00f6lyeleri) olarak \u00e7al\u0131\u015ft\u0131. Foto\u011frafa da bu d\u00f6nemde merak sararak ilk e\u011fitimini 1988 y\u0131l\u0131nda Kad\u0131k\u00f6y Halk E\u011fitim Merkezi\u2019nde Emk. Albay Hasip URAS\u2019tan ald\u0131. Ard\u0131ndan \u00e7al\u0131\u015fmalar\u0131n\u0131 1989 y\u0131l\u0131ndan&hellip;","_links":{"self":[{"href":"https:\/\/mimarifotograf.com\/index.php?rest_route=\/wp\/v2\/pages\/11","targetHints":{"allow":["GET"]}}],"collection":[{"href":"https:\/\/mimarifotograf.com\/index.php?rest_route=\/wp\/v2\/pages"}],"about":[{"href":"https:\/\/mimarifotograf.com\/index.php?rest_route=\/wp\/v2\/types\/page"}],"author":[{"embeddable":true,"href":"https:\/\/mimarifotograf.com\/index.php?rest_route=\/wp\/v2\/users\/1"}],"replies":[{"embeddable":true,"href":"https:\/\/mimarifotograf.com\/index.php?rest_route=%2Fwp%2Fv2%2Fcomments&post=11"}],"version-history":[{"count":9,"href":"https:\/\/mimarifotograf.com\/index.php?rest_route=\/wp\/v2\/pages\/11\/revisions"}],"predecessor-version":[{"id":703,"href":"https:\/\/mimarifotograf.com\/index.php?rest_route=\/wp\/v2\/pages\/11\/revisions\/703"}],"wp:attachment":[{"href":"https:\/\/mimarifotograf.com\/index.php?rest_route=%2Fwp%2Fv2%2Fmedia&parent=11"}],"curies":[{"name":"wp","href":"https:\/\/api.w.org\/{rel}","templated":true}]}}